{"id":117,"date":"2018-05-24T17:14:47","date_gmt":"2018-05-24T17:14:47","guid":{"rendered":"http:\/\/spandalucia.com\/spacanalsur\/?page_id=117"},"modified":"2018-05-24T17:14:47","modified_gmt":"2018-05-24T17:14:47","slug":"politica-de-privacidad-y-aviso-legal","status":"publish","type":"page","link":"https:\/\/spandalucia.com\/spacanalsur\/politica-de-privacidad-y-aviso-legal\/","title":{"rendered":"Pol\u00edtica de privacidad y aviso legal"},"content":{"rendered":"<table class=\"table table-hover\">\n<tbody>\n<tr>\n<td>\n<h3>PROTECCION DE DATOS PERSONALES<\/h3>\n<p>&nbsp;<\/p>\n<p>El SINDICATO DE PERIODISTAS DE ANDALUC\u00cdA (SPA) <strong> <\/strong>es el responsable del tratamiento de los datos personales de nuestros y nuestras usuarias y os informamos que estos datos ser\u00e1n tratados de conformidad con lo dispuesto en las normativas vigentes en protecci\u00f3n de datos personales, el Reglamento (UE) 2016\/679 de 27 de abril de 2016 (GDPR) relativo a la protecci\u00f3n de las personas f\u00edsicas en lo que respecta al tratamiento de datos personales y a la libre circulaci\u00f3n de estos datos y la Ley Org\u00e1nica (ES) 15\/1999 de 13 de diciembre (LOPD) relativa a la protecci\u00f3n de datos de car\u00e1cter personal.<\/p>\n<p>Desde el SINDICATO DE PERIODISTAS DE ANDALUC\u00cdA (SPA) nos comprometemos a asegurar que tus datos de car\u00e1cter personal se encuentran protegidos y no se utilizan de forma indebida. Al facilitarnos tus datos personales y utilizar nuestro sitio web (www.spandalucia.com) entendemos que has le\u00eddo y comprendido los t\u00e9rminos relacionados con la informaci\u00f3n de protecci\u00f3n de datos de car\u00e1cter personal que se exponen.<\/p>\n<p>El SINDICATO DE PERIODISTAS DE ANDALUC\u00cdA (SPA) se compromete al cumplimiento de su obligaci\u00f3n de secreto de los datos de car\u00e1cter personal y de su deber de guardarlos, y adoptar\u00e1 las medidas necesarias para evitar su alteraci\u00f3n, p\u00e9rdida, tratamiento o acceso no autorizado de acuerdo con lo establecido en el Reglamento de Medidas de Seguridad de los ficheros automatizados que contengan datos de car\u00e1cter personal, aprobado por Real Decreto 994\/99 de 11 de Julio.<\/p>\n<p><strong>El responsable del tratamiento de tus datos personales:<\/strong><\/p>\n<p>SINDICATO DE PERIODISTAS DE ANDALUC\u00cdA- SPA<\/p>\n<p>C.I.F.: G91035345<br \/>\nDirecci\u00f3n: calle Hileras, 1, 3\u00ba F 18.001 Granada.<br \/>\nCorreo electr\u00f3nico: comunicaci\u00f3n@spandalucia.com<\/p>\n<p><strong>Finalidades del tratamiento de sus datos personales.<\/strong><\/p>\n<p>Tratamos los datos de nuestras y nuestros suscriptores con el fin de mantener, desarrollar y controlar la relaci\u00f3n que pueda establecerse entre las partes, enviando a nuestros suscriptoras\/es informaci\u00f3n relativa a temas relacionados con el periodismo, la comunicaci\u00f3n y los medios de comunicaci\u00f3n social, as\u00ed como la libertad de prensa, libertad de informaci\u00f3n y libertad de expresi\u00f3n.<\/p>\n<p><strong>C\u00f3mo recabamos tus datos personales.<\/strong><\/p>\n<p><u>Informaci\u00f3n que tu nos facilitas.<\/u> Recabamos los datos personales que tu nos facilitas a trav\u00e9s de nuestra web o bien mediante formularios o campos a completar, inscripci\u00f3n en nuestro bolet\u00edn informativo  o a trav\u00e9s del correo electr\u00f3nico (comunicaci\u00f3n@spandalucia.com) . En el momento de recogida de estos datos te informaremos tambi\u00e9n de nuestra Pol\u00edtica de protecci\u00f3n de datos.<\/p>\n<p><u>Informaci\u00f3n que recabamos de tus visitas en nuestra web.<\/u>  Recabamos y almacenamos informaci\u00f3n personal limitada y estad\u00edsticas globales an\u00f3nimas de todos aquellos usuarios que visitan nuestra web, ya sea porque nos facilites dicha informaci\u00f3n de forma activa o te encuentre simplemente navegando en nuestra web. Esta informaci\u00f3n se recaba a trav\u00e9s de cookies.<\/p>\n<p><strong>Plazos de conservaci\u00f3n.<\/strong><\/p>\n<p>Los datos personales proporcionados se conservar\u00e1n y tratar\u00e1n en la medida que los necesitemos a fin de poder utilizarlos seg\u00fan la finalidad por la que fueron recabados, que no es otra que la de poder enviarte nuestro bolet\u00edn informativo, y seg\u00fan la base jur\u00eddica del tratamiento de los mismos de acuerdo con la ley aplicable. Mantendremos tus datos personales mientras exista una relaci\u00f3n o mientras no ejerzas tu derecho de supresi\u00f3n, cancelaci\u00f3n y\/o limitaci\u00f3n del tratamiento de tus datos. En estos casos, bloquearemos tus datos, sin darle ning\u00fan uso, mientras pueda ser necesaria para el ejercicio o defensa de reclamaciones o pueda derivarse alg\u00fan tipo de responsabilidad judicial, legal o contractual de su tratamiento, que deba ser atendida y para lo cual sea necesaria tu recuperaci\u00f3n.<\/p>\n<p><strong>C\u00f3mo ejercitar los derechos<\/strong><\/p>\n<p>los usuarios pod\u00e9is dirigir una comunicaci\u00f3n por escrito al domicilio social del SINDICATO DE PERIODISTAS DE ANDALUC\u00cdA (SPA) o a la direcci\u00f3n de correo electr\u00f3nico indicada en el encabezamiento, incluyendo en ambos casos fotocopia de su DNI u otro documento de identificaci\u00f3n similar, para solicitar el ejercicio de los derechos siguientes:<\/p>\n<ul>\n<li><strong>Derecho a solicitar el acceso a los datos personales:<\/strong> usted podr\u00e1 preguntar al SPA si est\u00e1 tratando sus datos.<\/li>\n<li><strong>Derecho a solicitar su rectificaci\u00f3n<\/strong> (en caso de que sean incorrectos)<strong> o supresi\u00f3n.<\/strong><\/li>\n<li><strong>Derecho a solicitar la limitaci\u00f3n de su tratamiento<\/strong>, en cuyo caso \u00fanicamente ser\u00e1n conservados por el SPA para el ejercicio o la defensa de reclamaciones.<\/li>\n<li><strong>Derecho a oponerse al tratamiento:<\/strong> el SPA dejar\u00e1 de tratar los datos en la forma que usted indique, salvo que por motivos leg\u00edtimos imperiosos o el ejercicio o la defensa de posibles reclamaciones se tengan que seguir tratando.<\/li>\n<li><strong>Derecho a la portabilidad de los datos:<\/strong> en caso de que quiera que sus datos sean tratados por otra firma, el SPA le facilitar\u00e1 la portabilidad de sus datos al nuevo responsable.<\/li>\n<\/ul>\n<p><strong>Modelos, formularios y m\u00e1s informaci\u00f3n sobre los derechos referidos:<\/strong><\/p>\n<p><a href=\"http:\/\/www.agpd.es\/portalwebAGPD\/CanalDelCiudadano\/derechos\/index-ides-idphp.php\">P\u00e1gina oficial de la Agencia Espa\u00f1ola de Protecci\u00f3n de Datos<\/a><\/p>\n<p><strong>Posibilidad de retirar el consentimiento:<\/strong> en el caso de que se haya otorgado el consentimiento para alguna finalidad espec\u00edfica, usted tiene derecho a retirar el consentimiento en cualquier momento, sin que ello afecte a la licitud del tratamiento basado en el consentimiento previo a su retirada.<\/p>\n<p><strong>C\u00f3mo reclamar ante la Autoridad de Control:<\/strong> Si un usuario considera que hay un problema con la forma en que el SINDICATO DE PERIODISTAS DE ANDALUC\u00cdA- SPA est\u00e1 manejando sus datos, puede dirigir sus reclamaciones al Responsable de Seguridad del SINDICATO DE PERIODISTAS DE ANDALUC\u00cdA- SPA, o a la <a href=\"https:\/\/www.agpd.es\/portalwebAGPD\/enlaces\/index-ides-idphp.php\">autoridad de protecci\u00f3n de datos<\/a> que corresponda, siendo la <a href=\"https:\/\/www.agpd.es\/\">Agencia Espa\u00f1ola de Protecci\u00f3n de Datos<\/a> la indicada en el caso de Espa\u00f1a.<\/p>\n<p><u>Oposici\u00f3n<\/u>: las y los interesados podr\u00e1n oponerse al tratamiento de sus datos. La FEDERACI\u00d3N DE SINDICATOS DE PERIODISTAS dejar\u00e1 de tratar los datos, salvo por motivos leg\u00edtimos, imperiosos, o el ejercicio o defensa de posibles reclamaciones, y los mantendremos debidamente bloqueados durante el plazo correspondiente mientras persistan las obligaciones legales. Igualmente, el o la interesada tiene derecho a oponerse a la adopci\u00f3n de decisiones individuales automatizadas que pudieran producir efectos jur\u00eddicos o afectarle significativamente.<\/p>\n<p><strong>Comunicaciones electr\u00f3nicas<\/strong><\/p>\n<p>En cumplimiento de la Ley 34\/2002, de 11 de julio, de Servicios de la Sociedad de la Informaci\u00f3n y Comercio Electr\u00f3nico, te informamos que las direcciones de correo electr\u00f3nico podr\u00e1n ser utilizadas para el env\u00edo de informaci\u00f3n de nuestra organizaci\u00f3n. Si no deseas recibir informaci\u00f3n o quiere revocar el consentimiento otorgado para el tratamiento de tus datos, rogamos lo hagas de la forma arriba indicada o dirigi\u00e9ndose a la siguiente direcci\u00f3n de correo electr\u00f3nico comunicaci\u00f3n@spandalucia.com, poniendo en el asunto del correo: BORRAR.<\/p>\n<p><strong><u>Tienes derecho a reclamar<\/u><\/strong><\/p>\n<p>Cuando no hayas obtenido satisfacci\u00f3n en el ejercicio de tus derechos, tienes derecho a presentar reclamaci\u00f3n ante la Autoridad Nacional de Control, a estos efectos debes dirigirte ante la Agencia Espa\u00f1ola de Protecci\u00f3n de Datos.<\/p>\n<p><strong><u>Tecnolog\u00eda Cookie<\/u><\/strong><\/p>\n<p>&nbsp;<\/p>\n<p>De <strong>conformidad<\/strong> con lo establecido en las condiciones generales el usuario conoce y acepta el empleo de la tecnolog\u00eda \u00abCookie\u00bb por parte del SINDICATO DE PERIODISTAS DE ANDALUC\u00cdA, si bien puedes configurar tu navegador para ser avisado de ello e impedir la instalaci\u00f3n de \u00abCookies\u00bb en tu disco duro. Por favor, consulta las instrucciones y manual de tu navegador para completar esta informaci\u00f3n.<\/p>\n<p><strong>Seguridad<\/strong><\/p>\n<p>El SINDICATO DE PERIODISTAS DE ANDALUC\u00cdA adopta y actualiza sus medidas de seguridad organizativas y t\u00e9cnicas con el fin de que el tratamiento de datos personales que realiza sea conforme con los requisitos de la legislaci\u00f3n vigente en materia de protecci\u00f3n de datos nacional y europea.<\/p>\n<p><strong>Modificaciones a la presente informaci\u00f3n de protecci\u00f3n de datos.<\/strong><\/p>\n<p>El SINDICATO DE PERIODISTAS DE ANDALUC\u00cdA se reserva el derecho de modificar su Pol\u00edtica de Protecci\u00f3n de Datos de acuerdo con la legislaci\u00f3n aplicable en cada momento. Cualquier modificaci\u00f3n de dicha Pol\u00edtica ser\u00e1 publicada en el sitio web.<\/td>\n<\/tr>\n<\/tbody>\n<\/table>\n<p><span class=\"mailtag code unused\"> <\/span><\/p>\n","protected":false},"excerpt":{"rendered":"<p>PROTECCION DE DATOS PERSONALES &nbsp; El SINDICATO DE PERIODISTAS DE ANDALUC\u00cdA (SPA) es el responsable del tratamiento de los datos personales de nuestros y nuestras usuarias y os informamos que estos datos ser\u00e1n tratados de conformidad con lo dispuesto en las normativas vigentes en protecci\u00f3n de datos personales, el Reglamento (UE) 2016\/679 de 27 de [&hellip;]<\/p>\n","protected":false},"author":1,"featured_media":0,"parent":0,"menu_order":0,"comment_status":"closed","ping_status":"closed","template":"","meta":[],"acf":[],"yoast_head":"<!-- This site is optimized with the Yoast SEO plugin v19.0 - https:\/\/yoast.com\/wordpress\/plugins\/seo\/ -->\n<title>Pol\u00edtica de privacidad y aviso legal - Secci\u00f3n Sindical del SPA en RTVA y CSRTV<\/title>\n<meta name=\"robots\" content=\"index, follow, max-snippet:-1, max-image-preview:large, max-video-preview:-1\" \/>\n<link rel=\"canonical\" href=\"https:\/\/spandalucia.com\/spacanalsur\/politica-de-privacidad-y-aviso-legal\/\" \/>\n<meta property=\"og:locale\" content=\"es_ES\" \/>\n<meta property=\"og:type\" content=\"article\" \/>\n<meta property=\"og:title\" content=\"Pol\u00edtica de privacidad y aviso legal - Secci\u00f3n Sindical del SPA en RTVA y CSRTV\" \/>\n<meta property=\"og:description\" content=\"PROTECCION DE DATOS PERSONALES &nbsp; El SINDICATO DE PERIODISTAS DE ANDALUC\u00cdA (SPA) es el responsable del tratamiento de los datos personales de nuestros y nuestras usuarias y os informamos que estos datos ser\u00e1n tratados de conformidad con lo dispuesto en las normativas vigentes en protecci\u00f3n de datos personales, el Reglamento (UE) 2016\/679 de 27 de [&hellip;]\" \/>\n<meta property=\"og:url\" content=\"https:\/\/spandalucia.com\/spacanalsur\/politica-de-privacidad-y-aviso-legal\/\" \/>\n<meta property=\"og:site_name\" content=\"Secci\u00f3n Sindical del SPA en RTVA y CSRTV\" \/>\n<meta name=\"twitter:card\" content=\"summary_large_image\" \/>\n<meta name=\"twitter:label1\" content=\"Tiempo de lectura\" \/>\n\t<meta name=\"twitter:data1\" content=\"7 minutos\" \/>\n<script type=\"application\/ld+json\" class=\"yoast-schema-graph\">{\"@context\":\"https:\/\/schema.org\",\"@graph\":[{\"@type\":\"WebSite\",\"@id\":\"https:\/\/spandalucia.com\/spacanalsur\/#website\",\"url\":\"https:\/\/spandalucia.com\/spacanalsur\/\",\"name\":\"Secci\u00f3n Sindical del SPA en RTVA y CSRTV\",\"description\":\"P\u00e1gina de informaci\u00f3n de la Secci\u00f3n Sindical del SPA en Canal Sur\",\"potentialAction\":[{\"@type\":\"SearchAction\",\"target\":{\"@type\":\"EntryPoint\",\"urlTemplate\":\"https:\/\/spandalucia.com\/spacanalsur\/?s={search_term_string}\"},\"query-input\":\"required name=search_term_string\"}],\"inLanguage\":\"es\"},{\"@type\":\"WebPage\",\"@id\":\"https:\/\/spandalucia.com\/spacanalsur\/politica-de-privacidad-y-aviso-legal\/#webpage\",\"url\":\"https:\/\/spandalucia.com\/spacanalsur\/politica-de-privacidad-y-aviso-legal\/\",\"name\":\"Pol\u00edtica de privacidad y aviso legal - Secci\u00f3n Sindical del SPA en RTVA y CSRTV\",\"isPartOf\":{\"@id\":\"https:\/\/spandalucia.com\/spacanalsur\/#website\"},\"datePublished\":\"2018-05-24T17:14:47+00:00\",\"dateModified\":\"2018-05-24T17:14:47+00:00\",\"breadcrumb\":{\"@id\":\"https:\/\/spandalucia.com\/spacanalsur\/politica-de-privacidad-y-aviso-legal\/#breadcrumb\"},\"inLanguage\":\"es\",\"potentialAction\":[{\"@type\":\"ReadAction\",\"target\":[\"https:\/\/spandalucia.com\/spacanalsur\/politica-de-privacidad-y-aviso-legal\/\"]}]},{\"@type\":\"BreadcrumbList\",\"@id\":\"https:\/\/spandalucia.com\/spacanalsur\/politica-de-privacidad-y-aviso-legal\/#breadcrumb\",\"itemListElement\":[{\"@type\":\"ListItem\",\"position\":1,\"name\":\"Portada\",\"item\":\"https:\/\/spandalucia.com\/spacanalsur\/\"},{\"@type\":\"ListItem\",\"position\":2,\"name\":\"Pol\u00edtica de privacidad y aviso legal\"}]}]}<\/script>\n<!-- \/ Yoast SEO plugin. -->","yoast_head_json":{"title":"Pol\u00edtica de privacidad y aviso legal - Secci\u00f3n Sindical del SPA en RTVA y CSRTV","robots":{"index":"index","follow":"follow","max-snippet":"max-snippet:-1","max-image-preview":"max-image-preview:large","max-video-preview":"max-video-preview:-1"},"canonical":"https:\/\/spandalucia.com\/spacanalsur\/politica-de-privacidad-y-aviso-legal\/","og_locale":"es_ES","og_type":"article","og_title":"Pol\u00edtica de privacidad y aviso legal - Secci\u00f3n Sindical del SPA en RTVA y CSRTV","og_description":"PROTECCION DE DATOS PERSONALES &nbsp; El SINDICATO DE PERIODISTAS DE ANDALUC\u00cdA (SPA) es el responsable del tratamiento de los datos personales de nuestros y nuestras usuarias y os informamos que estos datos ser\u00e1n tratados de conformidad con lo dispuesto en las normativas vigentes en protecci\u00f3n de datos personales, el Reglamento (UE) 2016\/679 de 27 de [&hellip;]","og_url":"https:\/\/spandalucia.com\/spacanalsur\/politica-de-privacidad-y-aviso-legal\/","og_site_name":"Secci\u00f3n Sindical del SPA en RTVA y CSRTV","twitter_card":"summary_large_image","twitter_misc":{"Tiempo de lectura":"7 minutos"},"schema":{"@context":"https:\/\/schema.org","@graph":[{"@type":"WebSite","@id":"https:\/\/spandalucia.com\/spacanalsur\/#website","url":"https:\/\/spandalucia.com\/spacanalsur\/","name":"Secci\u00f3n Sindical del SPA en RTVA y CSRTV","description":"P\u00e1gina de informaci\u00f3n de la Secci\u00f3n Sindical del SPA en Canal Sur","potentialAction":[{"@type":"SearchAction","target":{"@type":"EntryPoint","urlTemplate":"https:\/\/spandalucia.com\/spacanalsur\/?s={search_term_string}"},"query-input":"required name=search_term_string"}],"inLanguage":"es"},{"@type":"WebPage","@id":"https:\/\/spandalucia.com\/spacanalsur\/politica-de-privacidad-y-aviso-legal\/#webpage","url":"https:\/\/spandalucia.com\/spacanalsur\/politica-de-privacidad-y-aviso-legal\/","name":"Pol\u00edtica de privacidad y aviso legal - Secci\u00f3n Sindical del SPA en RTVA y CSRTV","isPartOf":{"@id":"https:\/\/spandalucia.com\/spacanalsur\/#website"},"datePublished":"2018-05-24T17:14:47+00:00","dateModified":"2018-05-24T17:14:47+00:00","breadcrumb":{"@id":"https:\/\/spandalucia.com\/spacanalsur\/politica-de-privacidad-y-aviso-legal\/#breadcrumb"},"inLanguage":"es","potentialAction":[{"@type":"ReadAction","target":["https:\/\/spandalucia.com\/spacanalsur\/politica-de-privacidad-y-aviso-legal\/"]}]},{"@type":"BreadcrumbList","@id":"https:\/\/spandalucia.com\/spacanalsur\/politica-de-privacidad-y-aviso-legal\/#breadcrumb","itemListElement":[{"@type":"ListItem","position":1,"name":"Portada","item":"https:\/\/spandalucia.com\/spacanalsur\/"},{"@type":"ListItem","position":2,"name":"Pol\u00edtica de privacidad y aviso legal"}]}]}},"_links":{"self":[{"href":"https:\/\/spandalucia.com\/spacanalsur\/wp-json\/wp\/v2\/pages\/117"}],"collection":[{"href":"https:\/\/spandalucia.com\/spacanalsur\/wp-json\/wp\/v2\/pages"}],"about":[{"href":"https:\/\/spandalucia.com\/spacanalsur\/wp-json\/wp\/v2\/types\/page"}],"author":[{"embeddable":true,"href":"https:\/\/spandalucia.com\/spacanalsur\/wp-json\/wp\/v2\/users\/1"}],"replies":[{"embeddable":true,"href":"https:\/\/spandalucia.com\/spacanalsur\/wp-json\/wp\/v2\/comments?post=117"}],"version-history":[{"count":1,"href":"https:\/\/spandalucia.com\/spacanalsur\/wp-json\/wp\/v2\/pages\/117\/revisions"}],"predecessor-version":[{"id":118,"href":"https:\/\/spandalucia.com\/spacanalsur\/wp-json\/wp\/v2\/pages\/117\/revisions\/118"}],"wp:attachment":[{"href":"https:\/\/spandalucia.com\/spacanalsur\/wp-json\/wp\/v2\/media?parent=117"}],"curies":[{"name":"wp","href":"https:\/\/api.w.org\/{rel}","templated":true}]}}