{"id":23,"date":"2017-10-05T10:30:57","date_gmt":"2017-10-05T10:30:57","guid":{"rendered":"http:\/\/spandalucia.com\/spacanalsur\/?page_id=23"},"modified":"2025-11-10T16:29:52","modified_gmt":"2025-11-10T16:29:52","slug":"galeria","status":"publish","type":"page","link":"https:\/\/spandalucia.com\/spacanalsur\/galeria\/","title":{"rendered":"Galer\u00eda"},"content":{"rendered":"\n<figure class=\"wp-block-image size-large\"><img loading=\"lazy\" width=\"724\" height=\"1024\" src=\"https:\/\/spandalucia.com\/spacanalsur\/wp-content\/uploads\/2025\/11\/Elecciones-RTVA-2025-1-724x1024.jpg\" alt=\"\" class=\"wp-image-825\" srcset=\"https:\/\/spandalucia.com\/spacanalsur\/wp-content\/uploads\/2025\/11\/Elecciones-RTVA-2025-1-724x1024.jpg 724w, https:\/\/spandalucia.com\/spacanalsur\/wp-content\/uploads\/2025\/11\/Elecciones-RTVA-2025-1-212x300.jpg 212w, https:\/\/spandalucia.com\/spacanalsur\/wp-content\/uploads\/2025\/11\/Elecciones-RTVA-2025-1-768x1086.jpg 768w, https:\/\/spandalucia.com\/spacanalsur\/wp-content\/uploads\/2025\/11\/Elecciones-RTVA-2025-1-1086x1536.jpg 1086w, https:\/\/spandalucia.com\/spacanalsur\/wp-content\/uploads\/2025\/11\/Elecciones-RTVA-2025-1-1448x2048.jpg 1448w, https:\/\/spandalucia.com\/spacanalsur\/wp-content\/uploads\/2025\/11\/Elecciones-RTVA-2025-1.jpg 1587w\" sizes=\"(max-width: 724px) 100vw, 724px\" \/><\/figure>\n","protected":false},"excerpt":{"rendered":"","protected":false},"author":1,"featured_media":0,"parent":0,"menu_order":0,"comment_status":"closed","ping_status":"closed","template":"","meta":[],"acf":[],"yoast_head":"<!-- This site is optimized with the Yoast SEO plugin v19.0 - https:\/\/yoast.com\/wordpress\/plugins\/seo\/ -->\n<title>Galer\u00eda - Secci\u00f3n Sindical del SPA en RTVA y CSRTV<\/title>\n<meta name=\"robots\" content=\"index, follow, max-snippet:-1, max-image-preview:large, max-video-preview:-1\" \/>\n<link rel=\"canonical\" href=\"https:\/\/spandalucia.com\/spacanalsur\/galeria\/\" \/>\n<meta property=\"og:locale\" content=\"es_ES\" \/>\n<meta property=\"og:type\" content=\"article\" \/>\n<meta property=\"og:title\" content=\"Galer\u00eda - Secci\u00f3n Sindical del SPA en RTVA y CSRTV\" \/>\n<meta property=\"og:url\" content=\"https:\/\/spandalucia.com\/spacanalsur\/galeria\/\" \/>\n<meta property=\"og:site_name\" content=\"Secci\u00f3n Sindical del SPA en RTVA y CSRTV\" \/>\n<meta property=\"article:modified_time\" content=\"2025-11-10T16:29:52+00:00\" \/>\n<meta property=\"og:image\" content=\"https:\/\/spandalucia.com\/spacanalsur\/wp-content\/uploads\/2025\/11\/Elecciones-RTVA-2025-1-724x1024.jpg\" \/>\n<meta name=\"twitter:card\" content=\"summary_large_image\" \/>\n<meta name=\"twitter:label1\" content=\"Tiempo de lectura\" \/>\n\t<meta name=\"twitter:data1\" content=\"1 minuto\" \/>\n<script type=\"application\/ld+json\" class=\"yoast-schema-graph\">{\"@context\":\"https:\/\/schema.org\",\"@graph\":[{\"@type\":\"WebSite\",\"@id\":\"https:\/\/spandalucia.com\/spacanalsur\/#website\",\"url\":\"https:\/\/spandalucia.com\/spacanalsur\/\",\"name\":\"Secci\u00f3n Sindical del SPA en RTVA y CSRTV\",\"description\":\"P\u00e1gina de informaci\u00f3n de la Secci\u00f3n Sindical del SPA en Canal Sur\",\"potentialAction\":[{\"@type\":\"SearchAction\",\"target\":{\"@type\":\"EntryPoint\",\"urlTemplate\":\"https:\/\/spandalucia.com\/spacanalsur\/?s={search_term_string}\"},\"query-input\":\"required name=search_term_string\"}],\"inLanguage\":\"es\"},{\"@type\":\"ImageObject\",\"inLanguage\":\"es\",\"@id\":\"https:\/\/spandalucia.com\/spacanalsur\/galeria\/#primaryimage\",\"url\":\"https:\/\/spandalucia.com\/spacanalsur\/wp-content\/uploads\/2025\/11\/Elecciones-RTVA-2025-1.jpg\",\"contentUrl\":\"https:\/\/spandalucia.com\/spacanalsur\/wp-content\/uploads\/2025\/11\/Elecciones-RTVA-2025-1.jpg\",\"width\":1587,\"height\":2245},{\"@type\":\"WebPage\",\"@id\":\"https:\/\/spandalucia.com\/spacanalsur\/galeria\/#webpage\",\"url\":\"https:\/\/spandalucia.com\/spacanalsur\/galeria\/\",\"name\":\"Galer\u00eda - Secci\u00f3n Sindical del SPA en RTVA y CSRTV\",\"isPartOf\":{\"@id\":\"https:\/\/spandalucia.com\/spacanalsur\/#website\"},\"primaryImageOfPage\":{\"@id\":\"https:\/\/spandalucia.com\/spacanalsur\/galeria\/#primaryimage\"},\"datePublished\":\"2017-10-05T10:30:57+00:00\",\"dateModified\":\"2025-11-10T16:29:52+00:00\",\"breadcrumb\":{\"@id\":\"https:\/\/spandalucia.com\/spacanalsur\/galeria\/#breadcrumb\"},\"inLanguage\":\"es\",\"potentialAction\":[{\"@type\":\"ReadAction\",\"target\":[\"https:\/\/spandalucia.com\/spacanalsur\/galeria\/\"]}]},{\"@type\":\"BreadcrumbList\",\"@id\":\"https:\/\/spandalucia.com\/spacanalsur\/galeria\/#breadcrumb\",\"itemListElement\":[{\"@type\":\"ListItem\",\"position\":1,\"name\":\"Portada\",\"item\":\"https:\/\/spandalucia.com\/spacanalsur\/\"},{\"@type\":\"ListItem\",\"position\":2,\"name\":\"Galer\u00eda\"}]}]}<\/script>\n<!-- \/ Yoast SEO plugin. -->","yoast_head_json":{"title":"Galer\u00eda - Secci\u00f3n Sindical del SPA en RTVA y CSRTV","robots":{"index":"index","follow":"follow","max-snippet":"max-snippet:-1","max-image-preview":"max-image-preview:large","max-video-preview":"max-video-preview:-1"},"canonical":"https:\/\/spandalucia.com\/spacanalsur\/galeria\/","og_locale":"es_ES","og_type":"article","og_title":"Galer\u00eda - Secci\u00f3n Sindical del SPA en RTVA y CSRTV","og_url":"https:\/\/spandalucia.com\/spacanalsur\/galeria\/","og_site_name":"Secci\u00f3n Sindical del SPA en RTVA y CSRTV","article_modified_time":"2025-11-10T16:29:52+00:00","og_image":[{"url":"https:\/\/spandalucia.com\/spacanalsur\/wp-content\/uploads\/2025\/11\/Elecciones-RTVA-2025-1-724x1024.jpg"}],"twitter_card":"summary_large_image","twitter_misc":{"Tiempo de lectura":"1 minuto"},"schema":{"@context":"https:\/\/schema.org","@graph":[{"@type":"WebSite","@id":"https:\/\/spandalucia.com\/spacanalsur\/#website","url":"https:\/\/spandalucia.com\/spacanalsur\/","name":"Secci\u00f3n Sindical del SPA en RTVA y CSRTV","description":"P\u00e1gina de informaci\u00f3n de la Secci\u00f3n Sindical del SPA en Canal Sur","potentialAction":[{"@type":"SearchAction","target":{"@type":"EntryPoint","urlTemplate":"https:\/\/spandalucia.com\/spacanalsur\/?s={search_term_string}"},"query-input":"required name=search_term_string"}],"inLanguage":"es"},{"@type":"ImageObject","inLanguage":"es","@id":"https:\/\/spandalucia.com\/spacanalsur\/galeria\/#primaryimage","url":"https:\/\/spandalucia.com\/spacanalsur\/wp-content\/uploads\/2025\/11\/Elecciones-RTVA-2025-1.jpg","contentUrl":"https:\/\/spandalucia.com\/spacanalsur\/wp-content\/uploads\/2025\/11\/Elecciones-RTVA-2025-1.jpg","width":1587,"height":2245},{"@type":"WebPage","@id":"https:\/\/spandalucia.com\/spacanalsur\/galeria\/#webpage","url":"https:\/\/spandalucia.com\/spacanalsur\/galeria\/","name":"Galer\u00eda - Secci\u00f3n Sindical del SPA en RTVA y CSRTV","isPartOf":{"@id":"https:\/\/spandalucia.com\/spacanalsur\/#website"},"primaryImageOfPage":{"@id":"https:\/\/spandalucia.com\/spacanalsur\/galeria\/#primaryimage"},"datePublished":"2017-10-05T10:30:57+00:00","dateModified":"2025-11-10T16:29:52+00:00","breadcrumb":{"@id":"https:\/\/spandalucia.com\/spacanalsur\/galeria\/#breadcrumb"},"inLanguage":"es","potentialAction":[{"@type":"ReadAction","target":["https:\/\/spandalucia.com\/spacanalsur\/galeria\/"]}]},{"@type":"BreadcrumbList","@id":"https:\/\/spandalucia.com\/spacanalsur\/galeria\/#breadcrumb","itemListElement":[{"@type":"ListItem","position":1,"name":"Portada","item":"https:\/\/spandalucia.com\/spacanalsur\/"},{"@type":"ListItem","position":2,"name":"Galer\u00eda"}]}]}},"_links":{"self":[{"href":"https:\/\/spandalucia.com\/spacanalsur\/wp-json\/wp\/v2\/pages\/23"}],"collection":[{"href":"https:\/\/spandalucia.com\/spacanalsur\/wp-json\/wp\/v2\/pages"}],"about":[{"href":"https:\/\/spandalucia.com\/spacanalsur\/wp-json\/wp\/v2\/types\/page"}],"author":[{"embeddable":true,"href":"https:\/\/spandalucia.com\/spacanalsur\/wp-json\/wp\/v2\/users\/1"}],"replies":[{"embeddable":true,"href":"https:\/\/spandalucia.com\/spacanalsur\/wp-json\/wp\/v2\/comments?post=23"}],"version-history":[{"count":7,"href":"https:\/\/spandalucia.com\/spacanalsur\/wp-json\/wp\/v2\/pages\/23\/revisions"}],"predecessor-version":[{"id":826,"href":"https:\/\/spandalucia.com\/spacanalsur\/wp-json\/wp\/v2\/pages\/23\/revisions\/826"}],"wp:attachment":[{"href":"https:\/\/spandalucia.com\/spacanalsur\/wp-json\/wp\/v2\/media?parent=23"}],"curies":[{"name":"wp","href":"https:\/\/api.w.org\/{rel}","templated":true}]}}