{"id":27,"date":"2017-10-05T10:31:32","date_gmt":"2017-10-05T10:31:32","guid":{"rendered":"http:\/\/spandalucia.com\/spacanalsur\/?page_id=27"},"modified":"2017-10-10T07:35:40","modified_gmt":"2017-10-10T07:35:40","slug":"redes-sociales","status":"publish","type":"page","link":"https:\/\/spandalucia.com\/spacanalsur\/redes-sociales\/","title":{"rendered":"Redes Sociales"},"content":{"rendered":"<p>twitter: SPA-RTVA: SPA-Canal Sur @SPA-RTVA<br \/>\nweb SPA: http:\/\/www.spandalucia.com\/<br \/>\nfacebook SPA: https:\/\/www.facebook.com\/spandalucia\/<br \/>\ntwitter SPA: PeriodistasAndalucia @SPA_Periodistas<\/p>\n","protected":false},"excerpt":{"rendered":"<p>twitter: SPA-RTVA: SPA-Canal Sur @SPA-RTVA web SPA: http:\/\/www.spandalucia.com\/ facebook SPA: https:\/\/www.facebook.com\/spandalucia\/ twitter SPA: PeriodistasAndalucia @SPA_Periodistas<\/p>\n","protected":false},"author":1,"featured_media":0,"parent":0,"menu_order":0,"comment_status":"closed","ping_status":"closed","template":"","meta":[],"acf":[],"yoast_head":"<!-- This site is optimized with the Yoast SEO plugin v19.0 - https:\/\/yoast.com\/wordpress\/plugins\/seo\/ -->\n<title>Redes Sociales - Secci\u00f3n Sindical del SPA en RTVA y CSRTV<\/title>\n<meta name=\"robots\" content=\"index, follow, max-snippet:-1, max-image-preview:large, max-video-preview:-1\" \/>\n<link rel=\"canonical\" href=\"https:\/\/spandalucia.com\/spacanalsur\/redes-sociales\/\" \/>\n<meta property=\"og:locale\" content=\"es_ES\" \/>\n<meta property=\"og:type\" content=\"article\" \/>\n<meta property=\"og:title\" content=\"Redes Sociales - Secci\u00f3n Sindical del SPA en RTVA y CSRTV\" \/>\n<meta property=\"og:description\" content=\"twitter: SPA-RTVA: SPA-Canal Sur @SPA-RTVA web SPA: http:\/\/www.spandalucia.com\/ facebook SPA: https:\/\/www.facebook.com\/spandalucia\/ twitter SPA: PeriodistasAndalucia @SPA_Periodistas\" \/>\n<meta property=\"og:url\" content=\"https:\/\/spandalucia.com\/spacanalsur\/redes-sociales\/\" \/>\n<meta property=\"og:site_name\" content=\"Secci\u00f3n Sindical del SPA en RTVA y CSRTV\" \/>\n<meta property=\"article:modified_time\" content=\"2017-10-10T07:35:40+00:00\" \/>\n<meta name=\"twitter:card\" content=\"summary_large_image\" \/>\n<script type=\"application\/ld+json\" class=\"yoast-schema-graph\">{\"@context\":\"https:\/\/schema.org\",\"@graph\":[{\"@type\":\"WebSite\",\"@id\":\"https:\/\/spandalucia.com\/spacanalsur\/#website\",\"url\":\"https:\/\/spandalucia.com\/spacanalsur\/\",\"name\":\"Secci\u00f3n Sindical del SPA en RTVA y CSRTV\",\"description\":\"P\u00e1gina de informaci\u00f3n de la Secci\u00f3n Sindical del SPA en Canal Sur\",\"potentialAction\":[{\"@type\":\"SearchAction\",\"target\":{\"@type\":\"EntryPoint\",\"urlTemplate\":\"https:\/\/spandalucia.com\/spacanalsur\/?s={search_term_string}\"},\"query-input\":\"required name=search_term_string\"}],\"inLanguage\":\"es\"},{\"@type\":\"WebPage\",\"@id\":\"https:\/\/spandalucia.com\/spacanalsur\/redes-sociales\/#webpage\",\"url\":\"https:\/\/spandalucia.com\/spacanalsur\/redes-sociales\/\",\"name\":\"Redes Sociales - Secci\u00f3n Sindical del SPA en RTVA y CSRTV\",\"isPartOf\":{\"@id\":\"https:\/\/spandalucia.com\/spacanalsur\/#website\"},\"datePublished\":\"2017-10-05T10:31:32+00:00\",\"dateModified\":\"2017-10-10T07:35:40+00:00\",\"breadcrumb\":{\"@id\":\"https:\/\/spandalucia.com\/spacanalsur\/redes-sociales\/#breadcrumb\"},\"inLanguage\":\"es\",\"potentialAction\":[{\"@type\":\"ReadAction\",\"target\":[\"https:\/\/spandalucia.com\/spacanalsur\/redes-sociales\/\"]}]},{\"@type\":\"BreadcrumbList\",\"@id\":\"https:\/\/spandalucia.com\/spacanalsur\/redes-sociales\/#breadcrumb\",\"itemListElement\":[{\"@type\":\"ListItem\",\"position\":1,\"name\":\"Portada\",\"item\":\"https:\/\/spandalucia.com\/spacanalsur\/\"},{\"@type\":\"ListItem\",\"position\":2,\"name\":\"Redes Sociales\"}]}]}<\/script>\n<!-- \/ Yoast SEO plugin. -->","yoast_head_json":{"title":"Redes Sociales - Secci\u00f3n Sindical del SPA en RTVA y CSRTV","robots":{"index":"index","follow":"follow","max-snippet":"max-snippet:-1","max-image-preview":"max-image-preview:large","max-video-preview":"max-video-preview:-1"},"canonical":"https:\/\/spandalucia.com\/spacanalsur\/redes-sociales\/","og_locale":"es_ES","og_type":"article","og_title":"Redes Sociales - Secci\u00f3n Sindical del SPA en RTVA y CSRTV","og_description":"twitter: SPA-RTVA: SPA-Canal Sur @SPA-RTVA web SPA: http:\/\/www.spandalucia.com\/ facebook SPA: https:\/\/www.facebook.com\/spandalucia\/ twitter SPA: PeriodistasAndalucia @SPA_Periodistas","og_url":"https:\/\/spandalucia.com\/spacanalsur\/redes-sociales\/","og_site_name":"Secci\u00f3n Sindical del SPA en RTVA y CSRTV","article_modified_time":"2017-10-10T07:35:40+00:00","twitter_card":"summary_large_image","schema":{"@context":"https:\/\/schema.org","@graph":[{"@type":"WebSite","@id":"https:\/\/spandalucia.com\/spacanalsur\/#website","url":"https:\/\/spandalucia.com\/spacanalsur\/","name":"Secci\u00f3n Sindical del SPA en RTVA y CSRTV","description":"P\u00e1gina de informaci\u00f3n de la Secci\u00f3n Sindical del SPA en Canal Sur","potentialAction":[{"@type":"SearchAction","target":{"@type":"EntryPoint","urlTemplate":"https:\/\/spandalucia.com\/spacanalsur\/?s={search_term_string}"},"query-input":"required name=search_term_string"}],"inLanguage":"es"},{"@type":"WebPage","@id":"https:\/\/spandalucia.com\/spacanalsur\/redes-sociales\/#webpage","url":"https:\/\/spandalucia.com\/spacanalsur\/redes-sociales\/","name":"Redes Sociales - Secci\u00f3n Sindical del SPA en RTVA y CSRTV","isPartOf":{"@id":"https:\/\/spandalucia.com\/spacanalsur\/#website"},"datePublished":"2017-10-05T10:31:32+00:00","dateModified":"2017-10-10T07:35:40+00:00","breadcrumb":{"@id":"https:\/\/spandalucia.com\/spacanalsur\/redes-sociales\/#breadcrumb"},"inLanguage":"es","potentialAction":[{"@type":"ReadAction","target":["https:\/\/spandalucia.com\/spacanalsur\/redes-sociales\/"]}]},{"@type":"BreadcrumbList","@id":"https:\/\/spandalucia.com\/spacanalsur\/redes-sociales\/#breadcrumb","itemListElement":[{"@type":"ListItem","position":1,"name":"Portada","item":"https:\/\/spandalucia.com\/spacanalsur\/"},{"@type":"ListItem","position":2,"name":"Redes Sociales"}]}]}},"_links":{"self":[{"href":"https:\/\/spandalucia.com\/spacanalsur\/wp-json\/wp\/v2\/pages\/27"}],"collection":[{"href":"https:\/\/spandalucia.com\/spacanalsur\/wp-json\/wp\/v2\/pages"}],"about":[{"href":"https:\/\/spandalucia.com\/spacanalsur\/wp-json\/wp\/v2\/types\/page"}],"author":[{"embeddable":true,"href":"https:\/\/spandalucia.com\/spacanalsur\/wp-json\/wp\/v2\/users\/1"}],"replies":[{"embeddable":true,"href":"https:\/\/spandalucia.com\/spacanalsur\/wp-json\/wp\/v2\/comments?post=27"}],"version-history":[{"count":2,"href":"https:\/\/spandalucia.com\/spacanalsur\/wp-json\/wp\/v2\/pages\/27\/revisions"}],"predecessor-version":[{"id":90,"href":"https:\/\/spandalucia.com\/spacanalsur\/wp-json\/wp\/v2\/pages\/27\/revisions\/90"}],"wp:attachment":[{"href":"https:\/\/spandalucia.com\/spacanalsur\/wp-json\/wp\/v2\/media?parent=27"}],"curies":[{"name":"wp","href":"https:\/\/api.w.org\/{rel}","templated":true}]}}