{"id":550,"date":"2021-03-22T12:16:33","date_gmt":"2021-03-22T12:16:33","guid":{"rendered":"https:\/\/spandalucia.com\/spacanalsur\/?page_id=550"},"modified":"2021-03-22T12:39:43","modified_gmt":"2021-03-22T12:39:43","slug":"igualdad","status":"publish","type":"page","link":"https:\/\/spandalucia.com\/spacanalsur\/igualdad\/","title":{"rendered":"Igualdad"},"content":{"rendered":"\n<div class=\"col-md-12 descargas\"><div class=\"col-md-12 descargassep nada\">\n<div class=\"col-md-1 nada centrarimagen\"><figure><img src=\"http:\/\/www.spandalucia.com\/wp-content\/uploads\/2016\/02\/pdf-icon-30x30.png\" alt=\"pdf-icon-30x30\" width=\"60\" height=\"60\"><\/figure><\/div>\n<div class=\"col-md-11 bajamedio\"><a href=\"https:\/\/spandalucia.com\/spacanalsur\/wp-content\/uploads\/2021\/04\/Plan-RTVA-2015.pdf\" target=\"_blank\" rel=\"noopener\">RTVA y CSRTV. Plan Igualdad RTVA 2015<\/a><\/div>\n<\/div><div class=\"col-md-12 descargassep nada\">\n<div class=\"col-md-1 nada centrarimagen\"><figure><img src=\"http:\/\/www.spandalucia.com\/wp-content\/uploads\/2016\/02\/pdf-icon-30x30.png\" alt=\"pdf-icon-30x30\" width=\"60\" height=\"60\"><\/figure><\/div>\n<div class=\"col-md-11 bajamedio\"><a href=\"https:\/\/spandalucia.com\/spacanalsur\/wp-content\/uploads\/2021\/04\/Plan-CSTV-2015.pdf\" target=\"_blank\" rel=\"noopener\">RTVA y CSRTV. Plan Igualdad CSTV 2015<\/a><\/div>\n<\/div><div class=\"col-md-12 descargassep nada\">\n<div class=\"col-md-1 nada centrarimagen\"><figure><img src=\"http:\/\/www.spandalucia.com\/wp-content\/uploads\/2016\/02\/pdf-icon-30x30.png\" alt=\"pdf-icon-30x30\" width=\"60\" height=\"60\"><\/figure><\/div>\n<div class=\"col-md-11 bajamedio\"><a href=\"https:\/\/spandalucia.com\/spacanalsur\/wp-content\/uploads\/2021\/04\/Plan-CSR-2015.pdf\" target=\"_blank\" rel=\"noopener\">RTVA y CSRTV. Plan Igualdad CSR 2015<\/a><\/div>\n<\/div><div class=\"col-md-12 descargassep nada\">\n<div class=\"col-md-1 nada centrarimagen\"><figure><img src=\"http:\/\/www.spandalucia.com\/wp-content\/uploads\/2016\/02\/pdf-icon-30x30.png\" alt=\"pdf-icon-30x30\" width=\"60\" height=\"60\"><\/figure><\/div>\n<div class=\"col-md-11 bajamedio\"><a href=\"https:\/\/spandalucia.com\/spacanalsur\/wp-content\/uploads\/2021\/04\/Proyecto-Plan-Igualdad-RTVA_2012.pdf\" target=\"_blank\" rel=\"noopener\">RTVA y SSFF. Proyecto Plan Igualdad RTVA 2012<\/a><\/div>\n<\/div><div class=\"col-md-12 descargassep nada\">\n<div class=\"col-md-1 nada centrarimagen\"><figure><img src=\"http:\/\/www.spandalucia.com\/wp-content\/uploads\/2016\/02\/pdf-icon-30x30.png\" alt=\"pdf-icon-30x30\" width=\"60\" height=\"60\"><\/figure><\/div>\n<div class=\"col-md-11 bajamedio\"><a href=\"https:\/\/spandalucia.com\/spacanalsur\/wp-content\/uploads\/2021\/04\/Proyecto-Plan-Igualdad-CSTV_2012.pdf\" target=\"_blank\" rel=\"noopener\">RTVA y SSFF. Proyecto Plan Igualdad CSTV 2012<\/a><\/div>\n<\/div><div class=\"col-md-12 descargassep nada\">\n<div class=\"col-md-1 nada centrarimagen\"><figure><img src=\"http:\/\/www.spandalucia.com\/wp-content\/uploads\/2016\/02\/pdf-icon-30x30.png\" alt=\"pdf-icon-30x30\" width=\"60\" height=\"60\"><\/figure><\/div>\n<div class=\"col-md-11 bajamedio\"><a href=\"https:\/\/spandalucia.com\/spacanalsur\/wp-content\/uploads\/2021\/04\/Proyecto-Plan-Igualdad-CSR_2012.pdf\" target=\"_blank\" rel=\"noopener\">RTVA y SSFF. Proyecto Plan Igualdad CSR 2012<\/a><\/div>\n<\/div><div class=\"col-md-12 descargassep nada\">\n<div class=\"col-md-1 nada centrarimagen\"><figure><img src=\"http:\/\/www.spandalucia.com\/wp-content\/uploads\/2016\/02\/pdf-icon-30x30.png\" alt=\"pdf-icon-30x30\" width=\"60\" height=\"60\"><\/figure><\/div>\n<div class=\"col-md-11 bajamedio\"><a href=\"https:\/\/spandalucia.com\/spacanalsur\/wp-content\/uploads\/2021\/04\/Acuerdo-de-26-de-junio-de-2019-del-Consejo-de-Gobierno-por-el-que-se-aprueba-la-formulacion-del-Plan-Estrategico-para-la-Igualdad-de-Mujeres-y-Hombres-en-Andalucia-2020-2026..pdf\" target=\"_blank\" rel=\"noopener\">Andaluc\u00eda. Acuerdo de 26 de junio de 2019, del Consejo de Gobierno, por el que se aprueba la formulaci\u00f3n del Plan Estrat\u00e9gico para la igualdad de mujeres y hombres. 2020\/2026<\/a><\/div>\n<\/div><div class=\"col-md-12 descargassep nada\">\n<div class=\"col-md-1 nada centrarimagen\"><figure><img src=\"http:\/\/www.spandalucia.com\/wp-content\/uploads\/2016\/02\/pdf-icon-30x30.png\" alt=\"pdf-icon-30x30\" width=\"60\" height=\"60\"><\/figure><\/div>\n<div class=\"col-md-11 bajamedio\"><a href=\"https:\/\/spandalucia.com\/spacanalsur\/wp-content\/uploads\/2021\/04\/Andalucia.-Plan-Estrategico-para-la-Igualdad-de-mujeres-y-hombres.-2010-2013.pdf\" target=\"_blank\" rel=\"noopener\">Andaluc\u00eda. Plan Estrat\u00e9gico para la igualdad de mujeres y hombres. 2010\/2013<\/a><\/div>\n<\/div><div class=\"col-md-12 descargassep nada\">\n<div class=\"col-md-1 nada centrarimagen\"><figure><img src=\"http:\/\/www.spandalucia.com\/wp-content\/uploads\/2016\/02\/pdf-icon-30x30.png\" alt=\"pdf-icon-30x30\" width=\"60\" height=\"60\"><\/figure><\/div>\n<div class=\"col-md-11 bajamedio\"><a href=\"https:\/\/spandalucia.com\/spacanalsur\/wp-content\/uploads\/2021\/04\/Guia-para-la-elaboracion-de-planes-de-igualdad.pdf\" target=\"_blank\" rel=\"noopener\">Gu\u00eda para la elaboraci\u00f3n de Planes de Igualdad<\/a><\/div>\n<\/div><div class=\"col-md-12 descargassep nada\">\n<div class=\"col-md-1 nada centrarimagen\"><figure><img src=\"http:\/\/www.spandalucia.com\/wp-content\/uploads\/2016\/02\/pdf-icon-30x30.png\" alt=\"pdf-icon-30x30\" width=\"60\" height=\"60\"><\/figure><\/div>\n<div class=\"col-md-11 bajamedio\"><a href=\"https:\/\/spandalucia.com\/spacanalsur\/wp-content\/uploads\/2021\/04\/RD-902-2020-BOE-num.-272-de-2020.pdf\" target=\"_blank\" rel=\"noopener\">Real Decreto 902\/2020, de 13 de octubre, de igualdad retributiva entre  mujeres y hombres.<\/a><\/div>\n<\/div><div class=\"col-md-12 descargassep nada\">\n<div class=\"col-md-1 nada centrarimagen\"><figure><img src=\"http:\/\/www.spandalucia.com\/wp-content\/uploads\/2016\/02\/pdf-icon-30x30.png\" alt=\"pdf-icon-30x30\" width=\"60\" height=\"60\"><\/figure><\/div>\n<div class=\"col-md-11 bajamedio\"><a href=\"https:\/\/spandalucia.com\/spacanalsur\/wp-content\/uploads\/2021\/04\/RD-901-2020-BOE-A-2020-12214.pdf\" target=\"_blank\" rel=\"noopener\">Real Decreto 901\/2020, de 13 de octubre, por el que se regulan los  planes de igualdad y su registro y se modifica el Real Decreto  713\/2010, de 28 de mayo, sobre registro y dep\u00f3sito de convenios y  acuerdos colectivos de trabajo.<\/a><\/div>\n<\/div><div class=\"col-md-12 descargassep nada\">\n<div class=\"col-md-1 nada centrarimagen\"><figure><img src=\"http:\/\/www.spandalucia.com\/wp-content\/uploads\/2016\/02\/pdf-icon-30x30.png\" alt=\"pdf-icon-30x30\" width=\"60\" height=\"60\"><\/figure><\/div>\n<div class=\"col-md-11 bajamedio\"><a href=\"https:\/\/spandalucia.com\/spacanalsur\/wp-content\/uploads\/2021\/04\/BOE-A-2019-3244-consolidado.pdf\" target=\"_blank\" rel=\"noopener\">Real Decreto-ley 6\/2019, de 1 de marzo, de medidas urgentes para  garant\u00eda de la igualdad de trato y de oportunidades entre mujeres y  hombres en el empleo y la ocupaci\u00f3n.<\/a><\/div>\n<\/div><div class=\"col-md-12 descargassep nada\">\n<div class=\"col-md-1 nada centrarimagen\"><figure><img src=\"http:\/\/www.spandalucia.com\/wp-content\/uploads\/2016\/02\/pdf-icon-30x30.png\" alt=\"pdf-icon-30x30\" width=\"60\" height=\"60\"><\/figure><\/div>\n<div class=\"col-md-11 bajamedio\"><a href=\"https:\/\/spandalucia.com\/spacanalsur\/wp-content\/uploads\/2021\/04\/Andalucia.-Ley-12-2007-de-26-de-noviembre-para-la-proteccion-de-la-igualdad-de-genero.pdf\" target=\"_blank\" rel=\"noopener\">Andaluc\u00eda. Ley 12\/2007, de 26 de noviembre, para la protecci\u00f3n de la igualdad de g\u00e9nero<\/a><\/div>\n<\/div><div class=\"col-md-12 descargassep nada\">\n<div class=\"col-md-1 nada centrarimagen\"><figure><img src=\"http:\/\/www.spandalucia.com\/wp-content\/uploads\/2016\/02\/pdf-icon-30x30.png\" alt=\"pdf-icon-30x30\" width=\"60\" height=\"60\"><\/figure><\/div>\n<div class=\"col-md-11 bajamedio\"><a href=\"http:\/\/spandalucia.com\/spacanalsur\/wp-content\/uploads\/2017\/10\/Ley-Org%C3%A1nica-1-2004-de-28-de-diciembre-de-medidas-de-protecci%C3%B3n-integral-contra-la-VG.pdf\" target=\"_blank\" rel=\"noopener\">Ley Org\u00e1nica 1-2004, de 28 de diciembre, de medidas de protecci\u00f3n integral contra la VG<\/a><\/div>\n<\/div><div class=\"col-md-12 descargassep nada\">\n<div class=\"col-md-1 nada centrarimagen\"><figure><img src=\"http:\/\/www.spandalucia.com\/wp-content\/uploads\/2016\/02\/pdf-icon-30x30.png\" alt=\"pdf-icon-30x30\" width=\"60\" height=\"60\"><\/figure><\/div>\n<div class=\"col-md-11 bajamedio\"><a href=\"http:\/\/spandalucia.com\/spacanalsur\/wp-content\/uploads\/2017\/10\/Andaluc%C3%ADa.-Ley-13-2007-de-26-de-noviembre-de-medidas-de-prevenci%C3%B3n-y-protecci%C3%B3n-integral-contra-la-VG.pdf\" target=\"_blank\" rel=\"noopener\">Andaluc\u00eda. Ley 13-2007, de 26 de noviembre, de medidas de prevenci\u00f3n y protecci\u00f3n integral contra la VG<\/a><\/div>\n<\/div><div class=\"col-md-12 descargassep nada\">\n<div class=\"col-md-1 nada centrarimagen\"><figure><img src=\"http:\/\/www.spandalucia.com\/wp-content\/uploads\/2016\/02\/pdf-icon-30x30.png\" alt=\"pdf-icon-30x30\" width=\"60\" height=\"60\"><\/figure><\/div>\n<div class=\"col-md-11 bajamedio\"><a href=\"http:\/\/spandalucia.com\/spacanalsur\/wp-content\/uploads\/2017\/10\/Ley-Org%C3%A1nica-3-2007-de-22-de-marzo-para-la-igualdad-efectiva-de-mujeres-y-hombres.pdf\" target=\"_blank\" rel=\"noopener\">Ley Org\u00e1nica 3-2007, de 22 de marzo, para la igualdad efectiva de mujeres y hombres<\/a><\/div>\n<\/div><\/div>\n","protected":false},"excerpt":{"rendered":"","protected":false},"author":1,"featured_media":0,"parent":0,"menu_order":0,"comment_status":"closed","ping_status":"closed","template":"","meta":[],"acf":[],"yoast_head":"<!-- This site is optimized with the Yoast SEO plugin v19.0 - https:\/\/yoast.com\/wordpress\/plugins\/seo\/ -->\n<title>Igualdad - Secci\u00f3n Sindical del SPA en RTVA y CSRTV<\/title>\n<meta name=\"robots\" content=\"index, follow, max-snippet:-1, max-image-preview:large, max-video-preview:-1\" \/>\n<link rel=\"canonical\" href=\"https:\/\/spandalucia.com\/spacanalsur\/igualdad\/\" \/>\n<meta property=\"og:locale\" content=\"es_ES\" \/>\n<meta property=\"og:type\" content=\"article\" \/>\n<meta property=\"og:title\" content=\"Igualdad - Secci\u00f3n Sindical del SPA en RTVA y CSRTV\" \/>\n<meta property=\"og:url\" content=\"https:\/\/spandalucia.com\/spacanalsur\/igualdad\/\" \/>\n<meta property=\"og:site_name\" content=\"Secci\u00f3n Sindical del SPA en RTVA y CSRTV\" \/>\n<meta property=\"article:modified_time\" content=\"2021-03-22T12:39:43+00:00\" \/>\n<meta name=\"twitter:card\" content=\"summary_large_image\" \/>\n<script type=\"application\/ld+json\" class=\"yoast-schema-graph\">{\"@context\":\"https:\/\/schema.org\",\"@graph\":[{\"@type\":\"WebSite\",\"@id\":\"https:\/\/spandalucia.com\/spacanalsur\/#website\",\"url\":\"https:\/\/spandalucia.com\/spacanalsur\/\",\"name\":\"Secci\u00f3n Sindical del SPA en RTVA y CSRTV\",\"description\":\"P\u00e1gina de informaci\u00f3n de la Secci\u00f3n Sindical del SPA en Canal Sur\",\"potentialAction\":[{\"@type\":\"SearchAction\",\"target\":{\"@type\":\"EntryPoint\",\"urlTemplate\":\"https:\/\/spandalucia.com\/spacanalsur\/?s={search_term_string}\"},\"query-input\":\"required name=search_term_string\"}],\"inLanguage\":\"es\"},{\"@type\":\"WebPage\",\"@id\":\"https:\/\/spandalucia.com\/spacanalsur\/igualdad\/#webpage\",\"url\":\"https:\/\/spandalucia.com\/spacanalsur\/igualdad\/\",\"name\":\"Igualdad - Secci\u00f3n Sindical del SPA en RTVA y CSRTV\",\"isPartOf\":{\"@id\":\"https:\/\/spandalucia.com\/spacanalsur\/#website\"},\"datePublished\":\"2021-03-22T12:16:33+00:00\",\"dateModified\":\"2021-03-22T12:39:43+00:00\",\"breadcrumb\":{\"@id\":\"https:\/\/spandalucia.com\/spacanalsur\/igualdad\/#breadcrumb\"},\"inLanguage\":\"es\",\"potentialAction\":[{\"@type\":\"ReadAction\",\"target\":[\"https:\/\/spandalucia.com\/spacanalsur\/igualdad\/\"]}]},{\"@type\":\"BreadcrumbList\",\"@id\":\"https:\/\/spandalucia.com\/spacanalsur\/igualdad\/#breadcrumb\",\"itemListElement\":[{\"@type\":\"ListItem\",\"position\":1,\"name\":\"Portada\",\"item\":\"https:\/\/spandalucia.com\/spacanalsur\/\"},{\"@type\":\"ListItem\",\"position\":2,\"name\":\"Igualdad\"}]}]}<\/script>\n<!-- \/ Yoast SEO plugin. -->","yoast_head_json":{"title":"Igualdad - Secci\u00f3n Sindical del SPA en RTVA y CSRTV","robots":{"index":"index","follow":"follow","max-snippet":"max-snippet:-1","max-image-preview":"max-image-preview:large","max-video-preview":"max-video-preview:-1"},"canonical":"https:\/\/spandalucia.com\/spacanalsur\/igualdad\/","og_locale":"es_ES","og_type":"article","og_title":"Igualdad - Secci\u00f3n Sindical del SPA en RTVA y CSRTV","og_url":"https:\/\/spandalucia.com\/spacanalsur\/igualdad\/","og_site_name":"Secci\u00f3n Sindical del SPA en RTVA y CSRTV","article_modified_time":"2021-03-22T12:39:43+00:00","twitter_card":"summary_large_image","schema":{"@context":"https:\/\/schema.org","@graph":[{"@type":"WebSite","@id":"https:\/\/spandalucia.com\/spacanalsur\/#website","url":"https:\/\/spandalucia.com\/spacanalsur\/","name":"Secci\u00f3n Sindical del SPA en RTVA y CSRTV","description":"P\u00e1gina de informaci\u00f3n de la Secci\u00f3n Sindical del SPA en Canal Sur","potentialAction":[{"@type":"SearchAction","target":{"@type":"EntryPoint","urlTemplate":"https:\/\/spandalucia.com\/spacanalsur\/?s={search_term_string}"},"query-input":"required name=search_term_string"}],"inLanguage":"es"},{"@type":"WebPage","@id":"https:\/\/spandalucia.com\/spacanalsur\/igualdad\/#webpage","url":"https:\/\/spandalucia.com\/spacanalsur\/igualdad\/","name":"Igualdad - Secci\u00f3n Sindical del SPA en RTVA y CSRTV","isPartOf":{"@id":"https:\/\/spandalucia.com\/spacanalsur\/#website"},"datePublished":"2021-03-22T12:16:33+00:00","dateModified":"2021-03-22T12:39:43+00:00","breadcrumb":{"@id":"https:\/\/spandalucia.com\/spacanalsur\/igualdad\/#breadcrumb"},"inLanguage":"es","potentialAction":[{"@type":"ReadAction","target":["https:\/\/spandalucia.com\/spacanalsur\/igualdad\/"]}]},{"@type":"BreadcrumbList","@id":"https:\/\/spandalucia.com\/spacanalsur\/igualdad\/#breadcrumb","itemListElement":[{"@type":"ListItem","position":1,"name":"Portada","item":"https:\/\/spandalucia.com\/spacanalsur\/"},{"@type":"ListItem","position":2,"name":"Igualdad"}]}]}},"_links":{"self":[{"href":"https:\/\/spandalucia.com\/spacanalsur\/wp-json\/wp\/v2\/pages\/550"}],"collection":[{"href":"https:\/\/spandalucia.com\/spacanalsur\/wp-json\/wp\/v2\/pages"}],"about":[{"href":"https:\/\/spandalucia.com\/spacanalsur\/wp-json\/wp\/v2\/types\/page"}],"author":[{"embeddable":true,"href":"https:\/\/spandalucia.com\/spacanalsur\/wp-json\/wp\/v2\/users\/1"}],"replies":[{"embeddable":true,"href":"https:\/\/spandalucia.com\/spacanalsur\/wp-json\/wp\/v2\/comments?post=550"}],"version-history":[{"count":2,"href":"https:\/\/spandalucia.com\/spacanalsur\/wp-json\/wp\/v2\/pages\/550\/revisions"}],"predecessor-version":[{"id":565,"href":"https:\/\/spandalucia.com\/spacanalsur\/wp-json\/wp\/v2\/pages\/550\/revisions\/565"}],"wp:attachment":[{"href":"https:\/\/spandalucia.com\/spacanalsur\/wp-json\/wp\/v2\/media?parent=550"}],"curies":[{"name":"wp","href":"https:\/\/api.w.org\/{rel}","templated":true}]}}